{"id":72,"date":"2025-06-12T15:17:00","date_gmt":"2025-06-12T15:17:00","guid":{"rendered":"https:\/\/marcomendes.net\/?page_id=72"},"modified":"2025-07-21T11:00:12","modified_gmt":"2025-07-21T11:00:12","slug":"sobre","status":"publish","type":"page","link":"https:\/\/marcomendes.net\/?page_id=72","title":{"rendered":"Sobre"},"content":{"rendered":"\t\t<div data-elementor-type=\"wp-page\" data-elementor-id=\"72\" class=\"elementor elementor-72\">\n\t\t\t\t<div class=\"elementor-element elementor-element-61f82069 e-flex e-con-boxed e-con e-parent\" data-id=\"61f82069\" data-element_type=\"container\">\n\t\t\t\t\t<div class=\"e-con-inner\">\n\t\t\t\t<div class=\"elementor-element elementor-element-676350d0 elementor-widget__width-initial elementor-widget elementor-widget-text-editor\" data-id=\"676350d0\" data-element_type=\"widget\" data-widget_type=\"text-editor.default\">\n\t\t\t\t<div class=\"elementor-widget-container\">\n\t\t\t\t\t\t\t\t\t<p>Marco Mendes (1978, Figueira da Foz)<\/p><p>O meu trabalho divide-se pela pintura, desenho e banda desenhada, geralmente de conte\u00fado autobiogr\u00e1fico. Sou professor, tendo j\u00e1 leccionado em diversas institui\u00e7\u00f5es de ensino superior, na zona norte do pa\u00eds. Actualmente, lecciono no Mestrado em Ilustra\u00e7\u00e3o Edi\u00e7\u00e3o e Impress\u00e3o da Faculdade de Belas Artes da Universidade do Porto e na licenciatura em Banda Desenhada e Narrativas Gr\u00e1ficas da Escola Superior Art\u00edstica do Porto. Sou membro fundador do Clube de Desenho, a funcionar no Porto desde 2010. Sou autor de v\u00e1rios livros de banda desenhada e co-editor em diversas publica\u00e7\u00f5es.<\/p><p><!-- \/wp:paragraph --><\/p>\t\t\t\t\t\t\t\t<\/div>\n\t\t\t\t<\/div>\n\t\t\t\t\t<\/div>\n\t\t\t\t<\/div>\n\t\t<div class=\"elementor-element elementor-element-8084d50 e-flex e-con-boxed e-con e-parent\" data-id=\"8084d50\" data-element_type=\"container\">\n\t\t\t\t\t<div class=\"e-con-inner\">\n\t\t\t\t<div class=\"elementor-element elementor-element-13fc76a elementor-widget elementor-widget-text-editor\" data-id=\"13fc76a\" data-element_type=\"widget\" data-widget_type=\"text-editor.default\">\n\t\t\t\t<div class=\"elementor-widget-container\">\n\t\t\t\t\t\t\t\t\t<p>Marco Mendes (b. 1978, Figueira da Foz, Portugal)<\/p><p>My work evolves around painting, drawing, and comics, usually with autobiographical content. I have taught at various institutions in the north of Portugal. Currently, I teach in the Master&#8217;s in Illustration, Editing, and Printing program at the Faculty of Fine Arts of the University of Porto (FBAUP) and in the Degree in Comics and Graphic Storytelling at the Porto School of Arts (ESAP). I am also a founding member of the Drawing Club (Clube de Desenho), active in Porto since 2010. I am the author of several comic books and co-editor in various publications.<\/p>\t\t\t\t\t\t\t\t<\/div>\n\t\t\t\t<\/div>\n\t\t\t\t\t<\/div>\n\t\t\t\t<\/div>\n\t\t\t\t<\/div>\n\t\t","protected":false},"excerpt":{"rendered":"<p>Marco Mendes (1978, Figueira da Foz) O meu trabalho divide-se pela pintura, desenho e banda desenhada, geralmente de conte\u00fado autobiogr\u00e1fico. Sou professor, tendo j\u00e1 leccionado em diversas institui\u00e7\u00f5es de ensino superior, na zona norte do pa\u00eds. Actualmente, lecciono no Mestrado em Ilustra\u00e7\u00e3o Edi\u00e7\u00e3o e Impress\u00e3o da Faculdade de Belas Artes da Universidade do Porto e [&hellip;]<\/p>\n","protected":false},"author":1,"featured_media":0,"parent":0,"menu_order":1,"comment_status":"closed","ping_status":"closed","template":"","meta":{"footnotes":""},"class_list":["post-72","page","type-page","status-publish","hentry"],"yoast_head":"<!-- This site is optimized with the Yoast SEO plugin v25.3.1 - https:\/\/yoast.com\/wordpress\/plugins\/seo\/ -->\n<title>Sobre - MARCO MENDES<\/title>\n<meta name=\"robots\" content=\"index, follow, max-snippet:-1, max-image-preview:large, max-video-preview:-1\" \/>\n<link rel=\"canonical\" href=\"https:\/\/marcomendes.net\/?page_id=72\" \/>\n<meta property=\"og:locale\" content=\"pt_PT\" \/>\n<meta property=\"og:type\" content=\"article\" \/>\n<meta property=\"og:title\" content=\"Sobre - MARCO MENDES\" \/>\n<meta property=\"og:description\" content=\"Marco Mendes (1978, Figueira da Foz) O meu trabalho divide-se pela pintura, desenho e banda desenhada, geralmente de conte\u00fado autobiogr\u00e1fico. Sou professor, tendo j\u00e1 leccionado em diversas institui\u00e7\u00f5es de ensino superior, na zona norte do pa\u00eds. Actualmente, lecciono no Mestrado em Ilustra\u00e7\u00e3o Edi\u00e7\u00e3o e Impress\u00e3o da Faculdade de Belas Artes da Universidade do Porto e [&hellip;]\" \/>\n<meta property=\"og:url\" content=\"https:\/\/marcomendes.net\/?page_id=72\" \/>\n<meta property=\"og:site_name\" content=\"MARCO MENDES\" \/>\n<meta property=\"article:modified_time\" content=\"2025-07-21T11:00:12+00:00\" \/>\n<meta name=\"twitter:card\" content=\"summary_large_image\" \/>\n<meta name=\"twitter:label1\" content=\"Tempo estimado de leitura\" \/>\n\t<meta name=\"twitter:data1\" content=\"2 minutos\" \/>\n<script type=\"application\/ld+json\" class=\"yoast-schema-graph\">{\"@context\":\"https:\/\/schema.org\",\"@graph\":[{\"@type\":\"WebPage\",\"@id\":\"https:\/\/marcomendes.net\/?page_id=72\",\"url\":\"https:\/\/marcomendes.net\/?page_id=72\",\"name\":\"Sobre - MARCO MENDES\",\"isPartOf\":{\"@id\":\"https:\/\/marcomendes.net\/#website\"},\"datePublished\":\"2025-06-12T15:17:00+00:00\",\"dateModified\":\"2025-07-21T11:00:12+00:00\",\"breadcrumb\":{\"@id\":\"https:\/\/marcomendes.net\/?page_id=72#breadcrumb\"},\"inLanguage\":\"pt-PT\",\"potentialAction\":[{\"@type\":\"ReadAction\",\"target\":[\"https:\/\/marcomendes.net\/?page_id=72\"]}]},{\"@type\":\"BreadcrumbList\",\"@id\":\"https:\/\/marcomendes.net\/?page_id=72#breadcrumb\",\"itemListElement\":[{\"@type\":\"ListItem\",\"position\":1,\"name\":\"Home\",\"item\":\"https:\/\/marcomendes.net\/\"},{\"@type\":\"ListItem\",\"position\":2,\"name\":\"Sobre\"}]},{\"@type\":\"WebSite\",\"@id\":\"https:\/\/marcomendes.net\/#website\",\"url\":\"https:\/\/marcomendes.net\/\",\"name\":\"marco mendes\",\"description\":\"\",\"potentialAction\":[{\"@type\":\"SearchAction\",\"target\":{\"@type\":\"EntryPoint\",\"urlTemplate\":\"https:\/\/marcomendes.net\/?s={search_term_string}\"},\"query-input\":{\"@type\":\"PropertyValueSpecification\",\"valueRequired\":true,\"valueName\":\"search_term_string\"}}],\"inLanguage\":\"pt-PT\"}]}<\/script>\n<!-- \/ Yoast SEO plugin. -->","yoast_head_json":{"title":"Sobre - MARCO MENDES","robots":{"index":"index","follow":"follow","max-snippet":"max-snippet:-1","max-image-preview":"max-image-preview:large","max-video-preview":"max-video-preview:-1"},"canonical":"https:\/\/marcomendes.net\/?page_id=72","og_locale":"pt_PT","og_type":"article","og_title":"Sobre - MARCO MENDES","og_description":"Marco Mendes (1978, Figueira da Foz) O meu trabalho divide-se pela pintura, desenho e banda desenhada, geralmente de conte\u00fado autobiogr\u00e1fico. Sou professor, tendo j\u00e1 leccionado em diversas institui\u00e7\u00f5es de ensino superior, na zona norte do pa\u00eds. Actualmente, lecciono no Mestrado em Ilustra\u00e7\u00e3o Edi\u00e7\u00e3o e Impress\u00e3o da Faculdade de Belas Artes da Universidade do Porto e [&hellip;]","og_url":"https:\/\/marcomendes.net\/?page_id=72","og_site_name":"MARCO MENDES","article_modified_time":"2025-07-21T11:00:12+00:00","twitter_card":"summary_large_image","twitter_misc":{"Tempo estimado de leitura":"2 minutos"},"schema":{"@context":"https:\/\/schema.org","@graph":[{"@type":"WebPage","@id":"https:\/\/marcomendes.net\/?page_id=72","url":"https:\/\/marcomendes.net\/?page_id=72","name":"Sobre - MARCO MENDES","isPartOf":{"@id":"https:\/\/marcomendes.net\/#website"},"datePublished":"2025-06-12T15:17:00+00:00","dateModified":"2025-07-21T11:00:12+00:00","breadcrumb":{"@id":"https:\/\/marcomendes.net\/?page_id=72#breadcrumb"},"inLanguage":"pt-PT","potentialAction":[{"@type":"ReadAction","target":["https:\/\/marcomendes.net\/?page_id=72"]}]},{"@type":"BreadcrumbList","@id":"https:\/\/marcomendes.net\/?page_id=72#breadcrumb","itemListElement":[{"@type":"ListItem","position":1,"name":"Home","item":"https:\/\/marcomendes.net\/"},{"@type":"ListItem","position":2,"name":"Sobre"}]},{"@type":"WebSite","@id":"https:\/\/marcomendes.net\/#website","url":"https:\/\/marcomendes.net\/","name":"marco mendes","description":"","potentialAction":[{"@type":"SearchAction","target":{"@type":"EntryPoint","urlTemplate":"https:\/\/marcomendes.net\/?s={search_term_string}"},"query-input":{"@type":"PropertyValueSpecification","valueRequired":true,"valueName":"search_term_string"}}],"inLanguage":"pt-PT"}]}},"jetpack_sharing_enabled":true,"_links":{"self":[{"href":"https:\/\/marcomendes.net\/index.php?rest_route=\/wp\/v2\/pages\/72","targetHints":{"allow":["GET"]}}],"collection":[{"href":"https:\/\/marcomendes.net\/index.php?rest_route=\/wp\/v2\/pages"}],"about":[{"href":"https:\/\/marcomendes.net\/index.php?rest_route=\/wp\/v2\/types\/page"}],"author":[{"embeddable":true,"href":"https:\/\/marcomendes.net\/index.php?rest_route=\/wp\/v2\/users\/1"}],"replies":[{"embeddable":true,"href":"https:\/\/marcomendes.net\/index.php?rest_route=%2Fwp%2Fv2%2Fcomments&post=72"}],"version-history":[{"count":5,"href":"https:\/\/marcomendes.net\/index.php?rest_route=\/wp\/v2\/pages\/72\/revisions"}],"predecessor-version":[{"id":912,"href":"https:\/\/marcomendes.net\/index.php?rest_route=\/wp\/v2\/pages\/72\/revisions\/912"}],"wp:attachment":[{"href":"https:\/\/marcomendes.net\/index.php?rest_route=%2Fwp%2Fv2%2Fmedia&parent=72"}],"curies":[{"name":"wp","href":"https:\/\/api.w.org\/{rel}","templated":true}]}}