{"id":85,"date":"2025-06-12T15:22:32","date_gmt":"2025-06-12T15:22:32","guid":{"rendered":"https:\/\/marcomendes.net\/?page_id=85"},"modified":"2025-07-11T19:45:27","modified_gmt":"2025-07-11T19:45:27","slug":"publicacoes","status":"publish","type":"page","link":"https:\/\/marcomendes.net\/?page_id=85","title":{"rendered":"Publica\u00e7\u00f5es"},"content":{"rendered":"\t\t<div data-elementor-type=\"wp-page\" data-elementor-id=\"85\" class=\"elementor elementor-85\">\n\t\t\t\t<div class=\"elementor-element elementor-element-0551c92 e-grid e-con-boxed e-con e-parent\" data-id=\"0551c92\" data-element_type=\"container\">\n\t\t\t\t\t<div class=\"e-con-inner\">\n\t\t\t\t<div class=\"elementor-element elementor-element-9b0050e elementor-widget elementor-widget-image\" data-id=\"9b0050e\" data-element_type=\"widget\" data-widget_type=\"image.default\">\n\t\t\t\t<div class=\"elementor-widget-container\">\n\t\t\t\t\t\t\t\t\t\t\t\t<figure class=\"wp-caption\">\n\t\t\t\t\t\t\t\t\t\t\t<a href=\"https:\/\/www.turbina.org\/loja\/juventude-marco-mendes-2a-edicao\/\" target=\"_blank\">\n\t\t\t\t\t\t\t<img fetchpriority=\"high\" decoding=\"async\" width=\"300\" height=\"223\" src=\"https:\/\/marcomendes.net\/wp-content\/uploads\/2025\/06\/juventude2-300x223.jpg\" class=\"attachment-medium size-medium wp-image-640\" alt=\"\" srcset=\"https:\/\/marcomendes.net\/wp-content\/uploads\/2025\/06\/juventude2-300x223.jpg 300w, https:\/\/marcomendes.net\/wp-content\/uploads\/2025\/06\/juventude2.jpg 634w\" sizes=\"(max-width: 300px) 100vw, 300px\" \/>\t\t\t\t\t\t\t\t<\/a>\n\t\t\t\t\t\t\t\t\t\t\t<figcaption class=\"widget-image-caption wp-caption-text\">(2\u00aa edi\u00e7\u00e3o) \u201cA sua mat\u00e9ria-prima continua a ser a sua pr\u00f3pria vida...<\/figcaption>\n\t\t\t\t\t\t\t\t\t\t<\/figure>\n\t\t\t\t\t\t\t\t\t<\/div>\n\t\t\t\t<\/div>\n\t\t\t\t<div class=\"elementor-element elementor-element-8a501df elementor-widget elementor-widget-image\" data-id=\"8a501df\" data-element_type=\"widget\" data-widget_type=\"image.default\">\n\t\t\t\t<div class=\"elementor-widget-container\">\n\t\t\t\t\t\t\t\t\t\t\t\t<figure class=\"wp-caption\">\n\t\t\t\t\t\t\t\t\t\t\t<a href=\"https:\/\/www.turbina.org\/loja\/juventude-marco-mendes\/\" target=\"_blank\">\n\t\t\t\t\t\t\t<img decoding=\"async\" width=\"300\" height=\"223\" src=\"https:\/\/marcomendes.net\/wp-content\/uploads\/2025\/06\/juventude-300x223.jpg\" class=\"attachment-medium size-medium wp-image-641\" alt=\"\" srcset=\"https:\/\/marcomendes.net\/wp-content\/uploads\/2025\/06\/juventude-300x223.jpg 300w, https:\/\/marcomendes.net\/wp-content\/uploads\/2025\/06\/juventude.jpg 634w\" sizes=\"(max-width: 300px) 100vw, 300px\" \/>\t\t\t\t\t\t\t\t<\/a>\n\t\t\t\t\t\t\t\t\t\t\t<figcaption class=\"widget-image-caption wp-caption-text\">(1\u00aa edi\u00e7\u00e3o)\u201cA sua mat\u00e9ria-prima continua a ser a sua pr\u00f3pria vida...<\/figcaption>\n\t\t\t\t\t\t\t\t\t\t<\/figure>\n\t\t\t\t\t\t\t\t\t<\/div>\n\t\t\t\t<\/div>\n\t\t\t\t<div class=\"elementor-element elementor-element-edabe1c elementor-widget elementor-widget-image\" data-id=\"edabe1c\" data-element_type=\"widget\" data-widget_type=\"image.default\">\n\t\t\t\t<div class=\"elementor-widget-container\">\n\t\t\t\t\t\t\t\t\t\t\t\t<figure class=\"wp-caption\">\n\t\t\t\t\t\t\t\t\t\t\t<a href=\"https:\/\/www.turbina.org\/loja\/tuttifrutti\/\" target=\"_blank\">\n\t\t\t\t\t\t\t<img decoding=\"async\" width=\"300\" height=\"226\" src=\"https:\/\/marcomendes.net\/wp-content\/uploads\/2025\/06\/tutti-300x226.jpg\" class=\"attachment-medium size-medium wp-image-146\" alt=\"\" srcset=\"https:\/\/marcomendes.net\/wp-content\/uploads\/2025\/06\/tutti-300x226.jpg 300w, https:\/\/marcomendes.net\/wp-content\/uploads\/2025\/06\/tutti.jpg 528w\" sizes=\"(max-width: 300px) 100vw, 300px\" \/>\t\t\t\t\t\t\t\t<\/a>\n\t\t\t\t\t\t\t\t\t\t\t<figcaption class=\"widget-image-caption wp-caption-text\">Do quotidiano aparentemente banal...<\/figcaption>\n\t\t\t\t\t\t\t\t\t\t<\/figure>\n\t\t\t\t\t\t\t\t\t<\/div>\n\t\t\t\t<\/div>\n\t\t\t\t<div class=\"elementor-element elementor-element-a393882 elementor-widget elementor-widget-image\" data-id=\"a393882\" data-element_type=\"widget\" data-widget_type=\"image.default\">\n\t\t\t\t<div class=\"elementor-widget-container\">\n\t\t\t\t\t\t\t\t\t\t\t\t<figure class=\"wp-caption\">\n\t\t\t\t\t\t\t\t\t\t\t<a href=\"https:\/\/www.turbina.org\/loja\/marco-mendes-zombie\/\" target=\"_blank\">\n\t\t\t\t\t\t\t<img loading=\"lazy\" decoding=\"async\" width=\"300\" height=\"217\" src=\"https:\/\/marcomendes.net\/wp-content\/uploads\/2025\/06\/zombie-300x217.jpg\" class=\"attachment-medium size-medium wp-image-151\" alt=\"\" srcset=\"https:\/\/marcomendes.net\/wp-content\/uploads\/2025\/06\/zombie-300x217.jpg 300w, https:\/\/marcomendes.net\/wp-content\/uploads\/2025\/06\/zombie.jpg 643w\" sizes=\"(max-width: 300px) 100vw, 300px\" \/>\t\t\t\t\t\t\t\t<\/a>\n\t\t\t\t\t\t\t\t\t\t\t<figcaption class=\"widget-image-caption wp-caption-text\">\u201cZombie\u201d \u00e9 uma ecd\u00f3tica sobre o quotidiano lento ...<\/figcaption>\n\t\t\t\t\t\t\t\t\t\t<\/figure>\n\t\t\t\t\t\t\t\t\t<\/div>\n\t\t\t\t<\/div>\n\t\t\t\t<div class=\"elementor-element elementor-element-f8d1259 elementor-widget elementor-widget-image\" data-id=\"f8d1259\" data-element_type=\"widget\" data-widget_type=\"image.default\">\n\t\t\t\t<div class=\"elementor-widget-container\">\n\t\t\t\t\t\t\t\t\t\t\t\t<figure class=\"wp-caption\">\n\t\t\t\t\t\t\t\t\t\t\t<a href=\"https:\/\/www.turbina.org\/loja\/marco-mendes-anos-dourados\/\" target=\"_blank\">\n\t\t\t\t\t\t\t<img loading=\"lazy\" decoding=\"async\" width=\"300\" height=\"217\" src=\"https:\/\/marcomendes.net\/wp-content\/uploads\/2025\/06\/ano_dourados-1-300x217.jpg\" class=\"attachment-medium size-medium wp-image-152\" alt=\"\" srcset=\"https:\/\/marcomendes.net\/wp-content\/uploads\/2025\/06\/ano_dourados-1-300x217.jpg 300w, https:\/\/marcomendes.net\/wp-content\/uploads\/2025\/06\/ano_dourados-1.jpg 643w\" sizes=\"(max-width: 300px) 100vw, 300px\" \/>\t\t\t\t\t\t\t\t<\/a>\n\t\t\t\t\t\t\t\t\t\t\t<figcaption class=\"widget-image-caption wp-caption-text\">Irm\u00e3o de \u201cDi\u00e1rio Rasgado\u201d, este \u00e1lbum \u00e9 uma compila\u00e7\u00e3o ...<\/figcaption>\n\t\t\t\t\t\t\t\t\t\t<\/figure>\n\t\t\t\t\t\t\t\t\t<\/div>\n\t\t\t\t<\/div>\n\t\t\t\t<div class=\"elementor-element elementor-element-a28b7f7 elementor-widget elementor-widget-image\" data-id=\"a28b7f7\" data-element_type=\"widget\" data-widget_type=\"image.default\">\n\t\t\t\t<div class=\"elementor-widget-container\">\n\t\t\t\t\t\t\t\t\t\t\t\t<figure class=\"wp-caption\">\n\t\t\t\t\t\t\t\t\t\t\t<a href=\"https:\/\/www.turbina.org\/loja\/marco-mendes-diario-rasgado\/\" target=\"_blank\">\n\t\t\t\t\t\t\t<img loading=\"lazy\" decoding=\"async\" width=\"300\" height=\"217\" src=\"https:\/\/marcomendes.net\/wp-content\/uploads\/2025\/06\/diario-300x217.jpg\" class=\"attachment-medium size-medium wp-image-148\" alt=\"\" srcset=\"https:\/\/marcomendes.net\/wp-content\/uploads\/2025\/06\/diario-300x217.jpg 300w, https:\/\/marcomendes.net\/wp-content\/uploads\/2025\/06\/diario.jpg 643w\" sizes=\"(max-width: 300px) 100vw, 300px\" \/>\t\t\t\t\t\t\t\t<\/a>\n\t\t\t\t\t\t\t\t\t\t\t<figcaption class=\"widget-image-caption wp-caption-text\">As suas bandas desenhadas t\u00eam como palco a Invicta ...<\/figcaption>\n\t\t\t\t\t\t\t\t\t\t<\/figure>\n\t\t\t\t\t\t\t\t\t<\/div>\n\t\t\t\t<\/div>\n\t\t\t\t\t<\/div>\n\t\t\t\t<\/div>\n\t\t<div class=\"elementor-element elementor-element-51f253f e-flex e-con-boxed e-con e-parent\" data-id=\"51f253f\" data-element_type=\"container\">\n\t\t\t\t\t<div class=\"e-con-inner\">\n\t\t\t\t\t<\/div>\n\t\t\t\t<\/div>\n\t\t\t\t<\/div>\n\t\t","protected":false},"excerpt":{"rendered":"<p>(2\u00aa edi\u00e7\u00e3o) \u201cA sua mat\u00e9ria-prima continua a ser a sua pr\u00f3pria vida&#8230; (1\u00aa edi\u00e7\u00e3o)\u201cA sua mat\u00e9ria-prima continua a ser a sua pr\u00f3pria vida&#8230; Do quotidiano aparentemente banal&#8230; \u201cZombie\u201d \u00e9 uma ecd\u00f3tica sobre o quotidiano lento &#8230; Irm\u00e3o de \u201cDi\u00e1rio Rasgado\u201d, este \u00e1lbum \u00e9 uma compila\u00e7\u00e3o &#8230; As suas bandas desenhadas t\u00eam como palco a Invicta [&hellip;]<\/p>\n","protected":false},"author":1,"featured_media":0,"parent":0,"menu_order":5,"comment_status":"closed","ping_status":"closed","template":"","meta":{"footnotes":""},"class_list":["post-85","page","type-page","status-publish","hentry"],"yoast_head":"<!-- This site is optimized with the Yoast SEO plugin v25.3.1 - https:\/\/yoast.com\/wordpress\/plugins\/seo\/ -->\n<title>Publica\u00e7\u00f5es - MARCO MENDES<\/title>\n<meta name=\"robots\" content=\"index, follow, max-snippet:-1, max-image-preview:large, max-video-preview:-1\" \/>\n<link rel=\"canonical\" href=\"https:\/\/marcomendes.net\/?page_id=85\" \/>\n<meta property=\"og:locale\" content=\"pt_PT\" \/>\n<meta property=\"og:type\" content=\"article\" \/>\n<meta property=\"og:title\" content=\"Publica\u00e7\u00f5es - MARCO MENDES\" \/>\n<meta property=\"og:description\" content=\"(2\u00aa edi\u00e7\u00e3o) \u201cA sua mat\u00e9ria-prima continua a ser a sua pr\u00f3pria vida&#8230; (1\u00aa edi\u00e7\u00e3o)\u201cA sua mat\u00e9ria-prima continua a ser a sua pr\u00f3pria vida&#8230; Do quotidiano aparentemente banal&#8230; \u201cZombie\u201d \u00e9 uma ecd\u00f3tica sobre o quotidiano lento &#8230; Irm\u00e3o de \u201cDi\u00e1rio Rasgado\u201d, este \u00e1lbum \u00e9 uma compila\u00e7\u00e3o &#8230; As suas bandas desenhadas t\u00eam como palco a Invicta [&hellip;]\" \/>\n<meta property=\"og:url\" content=\"https:\/\/marcomendes.net\/?page_id=85\" \/>\n<meta property=\"og:site_name\" content=\"MARCO MENDES\" \/>\n<meta property=\"article:modified_time\" content=\"2025-07-11T19:45:27+00:00\" \/>\n<meta property=\"og:image\" content=\"https:\/\/marcomendes.net\/wp-content\/uploads\/2025\/06\/juventude2.jpg\" \/>\n\t<meta property=\"og:image:width\" content=\"634\" \/>\n\t<meta property=\"og:image:height\" content=\"472\" \/>\n\t<meta property=\"og:image:type\" content=\"image\/jpeg\" \/>\n<meta name=\"twitter:card\" content=\"summary_large_image\" \/>\n<meta name=\"twitter:label1\" content=\"Tempo estimado de leitura\" \/>\n\t<meta name=\"twitter:data1\" content=\"2 minutos\" \/>\n<script type=\"application\/ld+json\" class=\"yoast-schema-graph\">{\"@context\":\"https:\/\/schema.org\",\"@graph\":[{\"@type\":\"WebPage\",\"@id\":\"https:\/\/marcomendes.net\/?page_id=85\",\"url\":\"https:\/\/marcomendes.net\/?page_id=85\",\"name\":\"Publica\u00e7\u00f5es - MARCO MENDES\",\"isPartOf\":{\"@id\":\"https:\/\/marcomendes.net\/#website\"},\"primaryImageOfPage\":{\"@id\":\"https:\/\/marcomendes.net\/?page_id=85#primaryimage\"},\"image\":{\"@id\":\"https:\/\/marcomendes.net\/?page_id=85#primaryimage\"},\"thumbnailUrl\":\"https:\/\/marcomendes.net\/wp-content\/uploads\/2025\/06\/juventude2-300x223.jpg\",\"datePublished\":\"2025-06-12T15:22:32+00:00\",\"dateModified\":\"2025-07-11T19:45:27+00:00\",\"breadcrumb\":{\"@id\":\"https:\/\/marcomendes.net\/?page_id=85#breadcrumb\"},\"inLanguage\":\"pt-PT\",\"potentialAction\":[{\"@type\":\"ReadAction\",\"target\":[\"https:\/\/marcomendes.net\/?page_id=85\"]}]},{\"@type\":\"ImageObject\",\"inLanguage\":\"pt-PT\",\"@id\":\"https:\/\/marcomendes.net\/?page_id=85#primaryimage\",\"url\":\"https:\/\/marcomendes.net\/wp-content\/uploads\/2025\/06\/juventude2.jpg\",\"contentUrl\":\"https:\/\/marcomendes.net\/wp-content\/uploads\/2025\/06\/juventude2.jpg\",\"width\":634,\"height\":472},{\"@type\":\"BreadcrumbList\",\"@id\":\"https:\/\/marcomendes.net\/?page_id=85#breadcrumb\",\"itemListElement\":[{\"@type\":\"ListItem\",\"position\":1,\"name\":\"Home\",\"item\":\"https:\/\/marcomendes.net\/\"},{\"@type\":\"ListItem\",\"position\":2,\"name\":\"Publica\u00e7\u00f5es\"}]},{\"@type\":\"WebSite\",\"@id\":\"https:\/\/marcomendes.net\/#website\",\"url\":\"https:\/\/marcomendes.net\/\",\"name\":\"marco mendes\",\"description\":\"\",\"potentialAction\":[{\"@type\":\"SearchAction\",\"target\":{\"@type\":\"EntryPoint\",\"urlTemplate\":\"https:\/\/marcomendes.net\/?s={search_term_string}\"},\"query-input\":{\"@type\":\"PropertyValueSpecification\",\"valueRequired\":true,\"valueName\":\"search_term_string\"}}],\"inLanguage\":\"pt-PT\"}]}<\/script>\n<!-- \/ Yoast SEO plugin. -->","yoast_head_json":{"title":"Publica\u00e7\u00f5es - MARCO MENDES","robots":{"index":"index","follow":"follow","max-snippet":"max-snippet:-1","max-image-preview":"max-image-preview:large","max-video-preview":"max-video-preview:-1"},"canonical":"https:\/\/marcomendes.net\/?page_id=85","og_locale":"pt_PT","og_type":"article","og_title":"Publica\u00e7\u00f5es - MARCO MENDES","og_description":"(2\u00aa edi\u00e7\u00e3o) \u201cA sua mat\u00e9ria-prima continua a ser a sua pr\u00f3pria vida&#8230; (1\u00aa edi\u00e7\u00e3o)\u201cA sua mat\u00e9ria-prima continua a ser a sua pr\u00f3pria vida&#8230; Do quotidiano aparentemente banal&#8230; \u201cZombie\u201d \u00e9 uma ecd\u00f3tica sobre o quotidiano lento &#8230; Irm\u00e3o de \u201cDi\u00e1rio Rasgado\u201d, este \u00e1lbum \u00e9 uma compila\u00e7\u00e3o &#8230; As suas bandas desenhadas t\u00eam como palco a Invicta [&hellip;]","og_url":"https:\/\/marcomendes.net\/?page_id=85","og_site_name":"MARCO MENDES","article_modified_time":"2025-07-11T19:45:27+00:00","og_image":[{"width":634,"height":472,"url":"https:\/\/marcomendes.net\/wp-content\/uploads\/2025\/06\/juventude2.jpg","type":"image\/jpeg"}],"twitter_card":"summary_large_image","twitter_misc":{"Tempo estimado de leitura":"2 minutos"},"schema":{"@context":"https:\/\/schema.org","@graph":[{"@type":"WebPage","@id":"https:\/\/marcomendes.net\/?page_id=85","url":"https:\/\/marcomendes.net\/?page_id=85","name":"Publica\u00e7\u00f5es - MARCO MENDES","isPartOf":{"@id":"https:\/\/marcomendes.net\/#website"},"primaryImageOfPage":{"@id":"https:\/\/marcomendes.net\/?page_id=85#primaryimage"},"image":{"@id":"https:\/\/marcomendes.net\/?page_id=85#primaryimage"},"thumbnailUrl":"https:\/\/marcomendes.net\/wp-content\/uploads\/2025\/06\/juventude2-300x223.jpg","datePublished":"2025-06-12T15:22:32+00:00","dateModified":"2025-07-11T19:45:27+00:00","breadcrumb":{"@id":"https:\/\/marcomendes.net\/?page_id=85#breadcrumb"},"inLanguage":"pt-PT","potentialAction":[{"@type":"ReadAction","target":["https:\/\/marcomendes.net\/?page_id=85"]}]},{"@type":"ImageObject","inLanguage":"pt-PT","@id":"https:\/\/marcomendes.net\/?page_id=85#primaryimage","url":"https:\/\/marcomendes.net\/wp-content\/uploads\/2025\/06\/juventude2.jpg","contentUrl":"https:\/\/marcomendes.net\/wp-content\/uploads\/2025\/06\/juventude2.jpg","width":634,"height":472},{"@type":"BreadcrumbList","@id":"https:\/\/marcomendes.net\/?page_id=85#breadcrumb","itemListElement":[{"@type":"ListItem","position":1,"name":"Home","item":"https:\/\/marcomendes.net\/"},{"@type":"ListItem","position":2,"name":"Publica\u00e7\u00f5es"}]},{"@type":"WebSite","@id":"https:\/\/marcomendes.net\/#website","url":"https:\/\/marcomendes.net\/","name":"marco mendes","description":"","potentialAction":[{"@type":"SearchAction","target":{"@type":"EntryPoint","urlTemplate":"https:\/\/marcomendes.net\/?s={search_term_string}"},"query-input":{"@type":"PropertyValueSpecification","valueRequired":true,"valueName":"search_term_string"}}],"inLanguage":"pt-PT"}]}},"jetpack_sharing_enabled":true,"_links":{"self":[{"href":"https:\/\/marcomendes.net\/index.php?rest_route=\/wp\/v2\/pages\/85","targetHints":{"allow":["GET"]}}],"collection":[{"href":"https:\/\/marcomendes.net\/index.php?rest_route=\/wp\/v2\/pages"}],"about":[{"href":"https:\/\/marcomendes.net\/index.php?rest_route=\/wp\/v2\/types\/page"}],"author":[{"embeddable":true,"href":"https:\/\/marcomendes.net\/index.php?rest_route=\/wp\/v2\/users\/1"}],"replies":[{"embeddable":true,"href":"https:\/\/marcomendes.net\/index.php?rest_route=%2Fwp%2Fv2%2Fcomments&post=85"}],"version-history":[{"count":5,"href":"https:\/\/marcomendes.net\/index.php?rest_route=\/wp\/v2\/pages\/85\/revisions"}],"predecessor-version":[{"id":883,"href":"https:\/\/marcomendes.net\/index.php?rest_route=\/wp\/v2\/pages\/85\/revisions\/883"}],"wp:attachment":[{"href":"https:\/\/marcomendes.net\/index.php?rest_route=%2Fwp%2Fv2%2Fmedia&parent=85"}],"curies":[{"name":"wp","href":"https:\/\/api.w.org\/{rel}","templated":true}]}}