{"id":907,"date":"2025-07-21T10:51:07","date_gmt":"2025-07-21T10:51:07","guid":{"rendered":"https:\/\/marcomendes.net\/?page_id=907"},"modified":"2025-07-21T15:12:41","modified_gmt":"2025-07-21T15:12:41","slug":"encomendas","status":"publish","type":"page","link":"https:\/\/marcomendes.net\/?page_id=907","title":{"rendered":"Encomendas"},"content":{"rendered":"\t\t<div data-elementor-type=\"wp-page\" data-elementor-id=\"907\" class=\"elementor elementor-907\">\n\t\t\t\t<div class=\"elementor-element elementor-element-2ae33a1 e-grid e-con-boxed e-con e-parent\" data-id=\"2ae33a1\" data-element_type=\"container\">\n\t\t\t\t\t<div class=\"e-con-inner\">\n\t\t\t\t<div class=\"elementor-element elementor-element-6056114 elementor-widget elementor-widget-image\" data-id=\"6056114\" data-element_type=\"widget\" data-widget_type=\"image.default\">\n\t\t\t\t<div class=\"elementor-widget-container\">\n\t\t\t\t\t\t\t\t\t\t\t\t\t\t\t\t<a href=\"https:\/\/marcomendes.net\/wp-content\/uploads\/2025\/07\/comissoes_1.gif\" data-elementor-open-lightbox=\"yes\" data-e-action-hash=\"#elementor-action%3Aaction%3Dlightbox%26settings%3DeyJpZCI6MTA0MywidXJsIjoiaHR0cHM6XC9cL21hcmNvbWVuZGVzLm5ldFwvd3AtY29udGVudFwvdXBsb2Fkc1wvMjAyNVwvMDdcL2NvbWlzc29lc18xLmdpZiJ9\">\n\t\t\t\t\t\t\t<img fetchpriority=\"high\" decoding=\"async\" width=\"864\" height=\"864\" src=\"https:\/\/marcomendes.net\/wp-content\/uploads\/2025\/07\/comissoes_1.gif\" class=\"attachment-full size-full wp-image-1043\" alt=\"\" \/>\t\t\t\t\t\t\t\t<\/a>\n\t\t\t\t\t\t\t\t\t\t\t\t\t\t\t<\/div>\n\t\t\t\t<\/div>\n\t\t\t\t<div class=\"elementor-element elementor-element-817e789 elementor-widget elementor-widget-text-editor\" data-id=\"817e789\" data-element_type=\"widget\" data-widget_type=\"text-editor.default\">\n\t\t\t\t<div class=\"elementor-widget-container\">\n\t\t\t\t\t\t\t\t\t<p>\u00a0<\/p><p>Realizo, sob encomenda, trabalhos de pintura, banda desenhada e ilustra\u00e7\u00e3o:<\/p><ul><li>\u00d3leo sobre tela, de qualquer tema ou formato &#8211; retrato, paisagem, natureza morta;<\/li><li>Storyboard para cinema, televis\u00e3o e publicidade;<\/li><li>Banda desenhada com argumento pr\u00f3prio, ou fornecido;<\/li><li>Ilustra\u00e7\u00e3o editorial;<\/li><li>Cartoon;<\/li><li>Caricatura;<\/li><li>Manual de instru\u00e7\u00f5es;<\/li><li>Pintura mural;<\/li><li>Cenografia;<\/li><li>Reportagem gr\u00e1fica.<\/li><\/ul><p>\u00a0<\/p><p>Cada proposta \u00e9 avaliada individualmente, com or\u00e7amento definido em fun\u00e7\u00e3o da complexidade, t\u00e9cnica, formato e prazo de execu\u00e7\u00e3o.<\/p><p>Para solicitar uma encomenda, agradece-se o envio de uma breve descri\u00e7\u00e3o do projecto ou ideia a desenvolver.<\/p>\t\t\t\t\t\t\t\t<\/div>\n\t\t\t\t<\/div>\n\t\t\t\t\t<\/div>\n\t\t\t\t<\/div>\n\t\t\t\t<\/div>\n\t\t","protected":false},"excerpt":{"rendered":"<p>\u00a0 Realizo, sob encomenda, trabalhos de pintura, banda desenhada e ilustra\u00e7\u00e3o: \u00d3leo sobre tela, de qualquer tema ou formato &#8211; retrato, paisagem, natureza morta; Storyboard para cinema, televis\u00e3o e publicidade; Banda desenhada com argumento pr\u00f3prio, ou fornecido; Ilustra\u00e7\u00e3o editorial; Cartoon; Caricatura; Manual de instru\u00e7\u00f5es; Pintura mural; Cenografia; Reportagem gr\u00e1fica. \u00a0 Cada proposta \u00e9 avaliada individualmente, [&hellip;]<\/p>\n","protected":false},"author":1,"featured_media":0,"parent":0,"menu_order":0,"comment_status":"closed","ping_status":"closed","template":"","meta":{"footnotes":""},"class_list":["post-907","page","type-page","status-publish","hentry"],"yoast_head":"<!-- This site is optimized with the Yoast SEO plugin v25.3.1 - https:\/\/yoast.com\/wordpress\/plugins\/seo\/ -->\n<title>Encomendas - MARCO MENDES<\/title>\n<meta name=\"robots\" content=\"index, follow, max-snippet:-1, max-image-preview:large, max-video-preview:-1\" \/>\n<link rel=\"canonical\" href=\"https:\/\/marcomendes.net\/?page_id=907\" \/>\n<meta property=\"og:locale\" content=\"pt_PT\" \/>\n<meta property=\"og:type\" content=\"article\" \/>\n<meta property=\"og:title\" content=\"Encomendas - MARCO MENDES\" \/>\n<meta property=\"og:description\" content=\"\u00a0 Realizo, sob encomenda, trabalhos de pintura, banda desenhada e ilustra\u00e7\u00e3o: \u00d3leo sobre tela, de qualquer tema ou formato &#8211; retrato, paisagem, natureza morta; Storyboard para cinema, televis\u00e3o e publicidade; Banda desenhada com argumento pr\u00f3prio, ou fornecido; Ilustra\u00e7\u00e3o editorial; Cartoon; Caricatura; Manual de instru\u00e7\u00f5es; Pintura mural; Cenografia; Reportagem gr\u00e1fica. \u00a0 Cada proposta \u00e9 avaliada individualmente, [&hellip;]\" \/>\n<meta property=\"og:url\" content=\"https:\/\/marcomendes.net\/?page_id=907\" \/>\n<meta property=\"og:site_name\" content=\"MARCO MENDES\" \/>\n<meta property=\"article:modified_time\" content=\"2025-07-21T15:12:41+00:00\" \/>\n<meta property=\"og:image\" content=\"https:\/\/marcomendes.net\/wp-content\/uploads\/2025\/07\/comissoes_1.gif\" \/>\n\t<meta property=\"og:image:width\" content=\"800\" \/>\n\t<meta property=\"og:image:height\" content=\"800\" \/>\n\t<meta property=\"og:image:type\" content=\"image\/gif\" \/>\n<meta name=\"twitter:card\" content=\"summary_large_image\" \/>\n<meta name=\"twitter:label1\" content=\"Tempo estimado de leitura\" \/>\n\t<meta name=\"twitter:data1\" content=\"1 minuto\" \/>\n<script type=\"application\/ld+json\" class=\"yoast-schema-graph\">{\"@context\":\"https:\/\/schema.org\",\"@graph\":[{\"@type\":\"WebPage\",\"@id\":\"https:\/\/marcomendes.net\/?page_id=907\",\"url\":\"https:\/\/marcomendes.net\/?page_id=907\",\"name\":\"Encomendas - MARCO MENDES\",\"isPartOf\":{\"@id\":\"https:\/\/marcomendes.net\/#website\"},\"primaryImageOfPage\":{\"@id\":\"https:\/\/marcomendes.net\/?page_id=907#primaryimage\"},\"image\":{\"@id\":\"https:\/\/marcomendes.net\/?page_id=907#primaryimage\"},\"thumbnailUrl\":\"https:\/\/marcomendes.net\/wp-content\/uploads\/2025\/07\/comissoes_1.gif\",\"datePublished\":\"2025-07-21T10:51:07+00:00\",\"dateModified\":\"2025-07-21T15:12:41+00:00\",\"breadcrumb\":{\"@id\":\"https:\/\/marcomendes.net\/?page_id=907#breadcrumb\"},\"inLanguage\":\"pt-PT\",\"potentialAction\":[{\"@type\":\"ReadAction\",\"target\":[\"https:\/\/marcomendes.net\/?page_id=907\"]}]},{\"@type\":\"ImageObject\",\"inLanguage\":\"pt-PT\",\"@id\":\"https:\/\/marcomendes.net\/?page_id=907#primaryimage\",\"url\":\"https:\/\/marcomendes.net\/wp-content\/uploads\/2025\/07\/comissoes_1.gif\",\"contentUrl\":\"https:\/\/marcomendes.net\/wp-content\/uploads\/2025\/07\/comissoes_1.gif\"},{\"@type\":\"BreadcrumbList\",\"@id\":\"https:\/\/marcomendes.net\/?page_id=907#breadcrumb\",\"itemListElement\":[{\"@type\":\"ListItem\",\"position\":1,\"name\":\"Home\",\"item\":\"https:\/\/marcomendes.net\/\"},{\"@type\":\"ListItem\",\"position\":2,\"name\":\"Encomendas\"}]},{\"@type\":\"WebSite\",\"@id\":\"https:\/\/marcomendes.net\/#website\",\"url\":\"https:\/\/marcomendes.net\/\",\"name\":\"marco mendes\",\"description\":\"\",\"potentialAction\":[{\"@type\":\"SearchAction\",\"target\":{\"@type\":\"EntryPoint\",\"urlTemplate\":\"https:\/\/marcomendes.net\/?s={search_term_string}\"},\"query-input\":{\"@type\":\"PropertyValueSpecification\",\"valueRequired\":true,\"valueName\":\"search_term_string\"}}],\"inLanguage\":\"pt-PT\"}]}<\/script>\n<!-- \/ Yoast SEO plugin. -->","yoast_head_json":{"title":"Encomendas - MARCO MENDES","robots":{"index":"index","follow":"follow","max-snippet":"max-snippet:-1","max-image-preview":"max-image-preview:large","max-video-preview":"max-video-preview:-1"},"canonical":"https:\/\/marcomendes.net\/?page_id=907","og_locale":"pt_PT","og_type":"article","og_title":"Encomendas - MARCO MENDES","og_description":"\u00a0 Realizo, sob encomenda, trabalhos de pintura, banda desenhada e ilustra\u00e7\u00e3o: \u00d3leo sobre tela, de qualquer tema ou formato &#8211; retrato, paisagem, natureza morta; Storyboard para cinema, televis\u00e3o e publicidade; Banda desenhada com argumento pr\u00f3prio, ou fornecido; Ilustra\u00e7\u00e3o editorial; Cartoon; Caricatura; Manual de instru\u00e7\u00f5es; Pintura mural; Cenografia; Reportagem gr\u00e1fica. \u00a0 Cada proposta \u00e9 avaliada individualmente, [&hellip;]","og_url":"https:\/\/marcomendes.net\/?page_id=907","og_site_name":"MARCO MENDES","article_modified_time":"2025-07-21T15:12:41+00:00","og_image":[{"url":"https:\/\/marcomendes.net\/wp-content\/uploads\/2025\/07\/comissoes_1.gif","width":800,"height":800,"type":"image\/gif"}],"twitter_card":"summary_large_image","twitter_misc":{"Tempo estimado de leitura":"1 minuto"},"schema":{"@context":"https:\/\/schema.org","@graph":[{"@type":"WebPage","@id":"https:\/\/marcomendes.net\/?page_id=907","url":"https:\/\/marcomendes.net\/?page_id=907","name":"Encomendas - MARCO MENDES","isPartOf":{"@id":"https:\/\/marcomendes.net\/#website"},"primaryImageOfPage":{"@id":"https:\/\/marcomendes.net\/?page_id=907#primaryimage"},"image":{"@id":"https:\/\/marcomendes.net\/?page_id=907#primaryimage"},"thumbnailUrl":"https:\/\/marcomendes.net\/wp-content\/uploads\/2025\/07\/comissoes_1.gif","datePublished":"2025-07-21T10:51:07+00:00","dateModified":"2025-07-21T15:12:41+00:00","breadcrumb":{"@id":"https:\/\/marcomendes.net\/?page_id=907#breadcrumb"},"inLanguage":"pt-PT","potentialAction":[{"@type":"ReadAction","target":["https:\/\/marcomendes.net\/?page_id=907"]}]},{"@type":"ImageObject","inLanguage":"pt-PT","@id":"https:\/\/marcomendes.net\/?page_id=907#primaryimage","url":"https:\/\/marcomendes.net\/wp-content\/uploads\/2025\/07\/comissoes_1.gif","contentUrl":"https:\/\/marcomendes.net\/wp-content\/uploads\/2025\/07\/comissoes_1.gif"},{"@type":"BreadcrumbList","@id":"https:\/\/marcomendes.net\/?page_id=907#breadcrumb","itemListElement":[{"@type":"ListItem","position":1,"name":"Home","item":"https:\/\/marcomendes.net\/"},{"@type":"ListItem","position":2,"name":"Encomendas"}]},{"@type":"WebSite","@id":"https:\/\/marcomendes.net\/#website","url":"https:\/\/marcomendes.net\/","name":"marco mendes","description":"","potentialAction":[{"@type":"SearchAction","target":{"@type":"EntryPoint","urlTemplate":"https:\/\/marcomendes.net\/?s={search_term_string}"},"query-input":{"@type":"PropertyValueSpecification","valueRequired":true,"valueName":"search_term_string"}}],"inLanguage":"pt-PT"}]}},"jetpack_sharing_enabled":true,"_links":{"self":[{"href":"https:\/\/marcomendes.net\/index.php?rest_route=\/wp\/v2\/pages\/907","targetHints":{"allow":["GET"]}}],"collection":[{"href":"https:\/\/marcomendes.net\/index.php?rest_route=\/wp\/v2\/pages"}],"about":[{"href":"https:\/\/marcomendes.net\/index.php?rest_route=\/wp\/v2\/types\/page"}],"author":[{"embeddable":true,"href":"https:\/\/marcomendes.net\/index.php?rest_route=\/wp\/v2\/users\/1"}],"replies":[{"embeddable":true,"href":"https:\/\/marcomendes.net\/index.php?rest_route=%2Fwp%2Fv2%2Fcomments&post=907"}],"version-history":[{"count":5,"href":"https:\/\/marcomendes.net\/index.php?rest_route=\/wp\/v2\/pages\/907\/revisions"}],"predecessor-version":[{"id":1055,"href":"https:\/\/marcomendes.net\/index.php?rest_route=\/wp\/v2\/pages\/907\/revisions\/1055"}],"wp:attachment":[{"href":"https:\/\/marcomendes.net\/index.php?rest_route=%2Fwp%2Fv2%2Fmedia&parent=907"}],"curies":[{"name":"wp","href":"https:\/\/api.w.org\/{rel}","templated":true}]}}